{"id":86,"date":"2026-01-26T12:27:33","date_gmt":"2026-01-26T12:27:33","guid":{"rendered":"https:\/\/www.domitur.pt\/pagina-inicial\/"},"modified":"2026-04-07T12:33:08","modified_gmt":"2026-04-07T12:33:08","slug":"pagina-inicial","status":"publish","type":"page","link":"https:\/\/www.domitur.pt\/pt-pt\/","title":{"rendered":"Um encontro pensado s\u00f3 para si"},"content":{"rendered":"\n<div class=\"wp-block-cover alignfull is-light an-encounter-with-portugal\" style=\"min-height:100vh;aspect-ratio:unset;\"><span aria-hidden=\"true\" class=\"wp-block-cover__background has-background-dim-0 has-background-dim\"><\/span><div class=\"wp-block-cover__inner-container is-layout-constrained wp-block-cover-is-layout-constrained\">\n<h2 class=\"wp-block-heading alignwide has-text-align-center has-gray-color has-text-color has-link-color has-gigantic-font-size wp-elements-9166400b3eeaed51e40f5ac4a808cd1a\">Viaje por Portugal<\/h2>\n\n\n<noscript class=\"loading-lazy\">\n<figure class=\"wp-block-image alignfull size-large an-encounter-with-portugal-curtain\"><img loading=\"lazy\" decoding=\"async\" width=\"1024\" height=\"576\" src=\"https:\/\/www.domitur.pt\/files\/uploads\/2026\/01\/an-encounter-with-portugal-1024x576.webp\" alt=\"\" class=\"wp-image-177\" srcset=\"https:\/\/www.domitur.pt\/files\/uploads\/2026\/01\/an-encounter-with-portugal-1024x576.webp 1024w, https:\/\/www.domitur.pt\/files\/uploads\/2026\/01\/an-encounter-with-portugal-300x169.webp 300w, https:\/\/www.domitur.pt\/files\/uploads\/2026\/01\/an-encounter-with-portugal-768x432.webp 768w, https:\/\/www.domitur.pt\/files\/uploads\/2026\/01\/an-encounter-with-portugal-1536x864.webp 1536w, https:\/\/www.domitur.pt\/files\/uploads\/2026\/01\/an-encounter-with-portugal-2048x1151.webp 2048w\" sizes=\"auto, (max-width: 1024px) 100vw, 1024px\" \/><\/figure>\n<\/noscript><\/div><\/div>\n\n\n\n<div class=\"wp-block-kobu-custom-blocks-section-wrapper alignfull kobu-section unforgettable-encounters-intro\">\n<div class=\"wp-block-kobu-custom-blocks-responsive-spacer responsive-spacer size-custom\" data-small=\"192\" data-medium=\"256\" data-large=\"256\" style=\"height:256px\"><\/div>\n\n\n\n<h2 class=\"wp-block-heading alignwide has-text-align-center has-huge-font-size\">Descubra<\/h2>\n\n\n\n<h2 class=\"wp-block-heading alignwide has-text-align-center has-huge-font-size\">Viva<\/h2>\n\n\n\n<h2 class=\"wp-block-heading alignwide has-text-align-center has-huge-font-size\">Desfruta<\/h2>\n\n\n\n<h2 class=\"wp-block-heading alignwide has-text-align-center has-huge-font-size\">Encontros Inesquec\u00edveis<\/h2>\n\n\n<noscript class=\"loading-lazy\">\n<figure class=\"wp-block-image alignfull size-large\"><img loading=\"lazy\" decoding=\"async\" width=\"1024\" height=\"546\" src=\"https:\/\/www.domitur.pt\/files\/uploads\/2026\/01\/unforgettable-encounters-1024x546.webp\" alt=\"\" class=\"wp-image-107\" srcset=\"https:\/\/www.domitur.pt\/files\/uploads\/2026\/01\/unforgettable-encounters-1024x546.webp 1024w, https:\/\/www.domitur.pt\/files\/uploads\/2026\/01\/unforgettable-encounters-300x160.webp 300w, https:\/\/www.domitur.pt\/files\/uploads\/2026\/01\/unforgettable-encounters-768x410.webp 768w, https:\/\/www.domitur.pt\/files\/uploads\/2026\/01\/unforgettable-encounters-1536x819.webp 1536w, https:\/\/www.domitur.pt\/files\/uploads\/2026\/01\/unforgettable-encounters-2048x1092.webp 2048w\" sizes=\"auto, (max-width: 1024px) 100vw, 1024px\" \/><\/figure>\n<\/noscript><\/div>\n\n\n<div class=\"container-wrapper alignwide unforgettable-encounters-block\">\n\t\t\t<div class=\"container xlarge\">\n\t\t\t\n\t\t\t<div class=\"nav-wrapper\">\n\t\t\t\t<nav class=\"nav\">\n\t\t\t\t\t<button class=\"nav-item\" data-img-index=\"0\" data-excerpt=\"A Domitur oferece viagens de luxo totalmente personalizadas em Portugal, onde a personaliza\u00e7\u00e3o e o conhecimento profundo do destino est\u00e3o no centro de cada experi\u00eancia.\" data-url=\"https:\/\/www.domitur.pt\/pt-pt\/viagens\/luxury-travel\/\">Luxury Travel<\/button><button class=\"nav-item\" data-img-index=\"1\" data-excerpt=\"Como um dos destinos de golfe mais prestigiados da Europa, a Domitur convida-o a conhecer os campos de golfe de classe mundial de Portugal atrav\u00e9s de viagens planeadas ao detalhe, aliando o luxo ao lazer.\" data-url=\"https:\/\/www.domitur.pt\/pt-pt\/viagens\/golfe\/\">Golfe<\/button><button class=\"nav-item\" data-img-index=\"2\" data-excerpt=\"As nossas Nature Tours s\u00e3o cuidadosamente planeadas, transformando cada viagem numa experi\u00eancia inesquec\u00edvel pela deslumbrante beleza natural de Portugal, desfrutada sob um sol abundante.\" data-url=\"https:\/\/www.domitur.pt\/pt-pt\/viagens\/nature-tours\/\">Nature Tours<\/button><button class=\"nav-item\" data-img-index=\"3\" data-excerpt=\"Criamos roteiros v\u00ednicos por Portugal, centrados em experi\u00eancias aut\u00eanticas e enraizadas localmente. Cada viagem \u00e9 cuidadosamente planeada para o mergulhar nos melhores vinhos do pa\u00eds e nos seus tesouros escondidos, criando momentos inesquec\u00edveis e \u00fanicos na vida.\" data-url=\"https:\/\/www.domitur.pt\/pt-pt\/viagens\/wine-tours\/\">Wine Tours<\/button><button class=\"nav-item\" data-img-index=\"4\" data-excerpt=\"Especialista em MICE e eventos desportivos, a Domitur cria reuni\u00f5es, incentivos, confer\u00eancias, exposi\u00e7\u00f5es e eventos desportivos cuidadosamente planeados, garantindo execu\u00e7\u00e3o impec\u00e1vel e experi\u00eancias memor\u00e1veis.\" data-url=\"https:\/\/www.domitur.pt\/pt-pt\/viagens\/desporto-e-eventos\/\">Desporto &amp; Eventos<\/button>\t\t\t\t<\/nav>\n\n\t\t\t\t<div class=\"ue-imgs-wrapper ue-imgs-wrapper-m\">\n\t\t\t\t\t<button class=\"arrow prev\"><svg version=\"1.1\" xmlns=\"http:\/\/www.w3.org\/2000\/svg\" xmlns:xlink=\"http:\/\/www.w3.org\/1999\/xlink\" x=\"0px\" y=\"0px\" viewBox=\"0 0 16.2 11.4\" style=\"enable-background:new 0 0 16.2 11.4;\" xml:space=\"preserve\"><polyline fill=\"none\" stroke=\"#000000\" stroke-linecap=\"square\" points=\"10.5,0.7 15.5,5.7 10.5,10.7 \"\/><line fill=\"none\" stroke=\"#000000\" stroke-linecap=\"square\" x1=\"15\" y1=\"5.7\" x2=\"0.5\" y2=\"5.7\"\/><\/svg><\/button>\n\t\t\t\t\t<div class=\"ue-imgs\">\n\t\t\t\t\t\t<img decoding=\"async\" class=\"ue-img\" src=\"https:\/\/www.domitur.pt\/files\/uploads\/2026\/01\/luxury-travel-01-scaled.webp\" data-img-index=\"0\" alt=\"Luxury Travel\"><img decoding=\"async\" class=\"ue-img\" src=\"https:\/\/www.domitur.pt\/files\/uploads\/2026\/02\/golf-01.webp\" data-img-index=\"1\" alt=\"Golfe\"><img decoding=\"async\" class=\"ue-img\" src=\"https:\/\/www.domitur.pt\/files\/uploads\/2026\/01\/an-encounter-with-portugal-scaled.webp\" data-img-index=\"2\" alt=\"Nature Tours\"><img decoding=\"async\" class=\"ue-img\" src=\"https:\/\/www.domitur.pt\/files\/uploads\/2026\/02\/wine-tours-01-scaled.webp\" data-img-index=\"3\" alt=\"Wine Tours\"><img decoding=\"async\" class=\"ue-img\" src=\"https:\/\/www.domitur.pt\/files\/uploads\/2026\/04\/00-sports-and-events-cover-sailboat.webp\" data-img-index=\"4\" alt=\"Desporto &amp; Eventos\">\t\t\t\t\t<\/div>\n\t\t\t\t\t<button class=\"arrow next\"><svg version=\"1.1\" xmlns=\"http:\/\/www.w3.org\/2000\/svg\" xmlns:xlink=\"http:\/\/www.w3.org\/1999\/xlink\" x=\"0px\" y=\"0px\" viewBox=\"0 0 16.2 11.4\" style=\"enable-background:new 0 0 16.2 11.4;\" xml:space=\"preserve\"><polyline fill=\"none\" stroke=\"#000000\" stroke-linecap=\"square\" points=\"10.5,0.7 15.5,5.7 10.5,10.7 \"\/><line fill=\"none\" stroke=\"#000000\" stroke-linecap=\"square\" x1=\"15\" y1=\"5.7\" x2=\"0.5\" y2=\"5.7\"\/><\/svg><\/button>\n\t\t\t\t<\/div>\n\n\t\t\t\t<div class=\"ue-excerpt-wrapper has-dark-background-color\">\n\t\t\t\t\t<p class=\"ue-excerpt\"><\/p>\n\t\t\t\t\t<a href=\"#\" class=\"btn ue-excerpt-btn\">saber mais<svg version=\"1.1\" xmlns=\"http:\/\/www.w3.org\/2000\/svg\" xmlns:xlink=\"http:\/\/www.w3.org\/1999\/xlink\" x=\"0px\" y=\"0px\" viewBox=\"0 0 16.2 11.4\" style=\"enable-background:new 0 0 16.2 11.4;\" xml:space=\"preserve\"><polyline fill=\"none\" stroke=\"#000000\" stroke-linecap=\"square\" points=\"10.5,0.7 15.5,5.7 10.5,10.7 \"\/><line fill=\"none\" stroke=\"#000000\" stroke-linecap=\"square\" x1=\"15\" y1=\"5.7\" x2=\"0.5\" y2=\"5.7\"\/><\/svg><\/a>\n\t\t\t\t<\/div>\n\t\t\t<\/div>\n\n\t\t\t<div class=\"ue-imgs-wrapper ue-imgs-wrapper-d\">\n\t\t\t\t<button class=\"arrow prev\"><svg version=\"1.1\" xmlns=\"http:\/\/www.w3.org\/2000\/svg\" xmlns:xlink=\"http:\/\/www.w3.org\/1999\/xlink\" x=\"0px\" y=\"0px\" viewBox=\"0 0 16.2 11.4\" style=\"enable-background:new 0 0 16.2 11.4;\" xml:space=\"preserve\"><polyline fill=\"none\" stroke=\"#000000\" stroke-linecap=\"square\" points=\"10.5,0.7 15.5,5.7 10.5,10.7 \"\/><line fill=\"none\" stroke=\"#000000\" stroke-linecap=\"square\" x1=\"15\" y1=\"5.7\" x2=\"0.5\" y2=\"5.7\"\/><\/svg><\/button>\n\t\t\t\t<div class=\"ue-imgs\">\n\t\t\t\t\t<img decoding=\"async\" class=\"ue-img\" src=\"https:\/\/www.domitur.pt\/files\/uploads\/2026\/01\/luxury-travel-01-scaled.webp\" data-img-index=\"0\" alt=\"Luxury Travel\"><img decoding=\"async\" class=\"ue-img\" src=\"https:\/\/www.domitur.pt\/files\/uploads\/2026\/02\/golf-01.webp\" data-img-index=\"1\" alt=\"Golfe\"><img decoding=\"async\" class=\"ue-img\" src=\"https:\/\/www.domitur.pt\/files\/uploads\/2026\/01\/an-encounter-with-portugal-scaled.webp\" data-img-index=\"2\" alt=\"Nature Tours\"><img decoding=\"async\" class=\"ue-img\" src=\"https:\/\/www.domitur.pt\/files\/uploads\/2026\/02\/wine-tours-01-scaled.webp\" data-img-index=\"3\" alt=\"Wine Tours\"><img decoding=\"async\" class=\"ue-img\" src=\"https:\/\/www.domitur.pt\/files\/uploads\/2026\/04\/00-sports-and-events-cover-sailboat.webp\" data-img-index=\"4\" alt=\"Desporto &amp; Eventos\">\t\t\t\t<\/div>\n\t\t\t\t<button class=\"arrow next\"><svg version=\"1.1\" xmlns=\"http:\/\/www.w3.org\/2000\/svg\" xmlns:xlink=\"http:\/\/www.w3.org\/1999\/xlink\" x=\"0px\" y=\"0px\" viewBox=\"0 0 16.2 11.4\" style=\"enable-background:new 0 0 16.2 11.4;\" xml:space=\"preserve\"><polyline fill=\"none\" stroke=\"#000000\" stroke-linecap=\"square\" points=\"10.5,0.7 15.5,5.7 10.5,10.7 \"\/><line fill=\"none\" stroke=\"#000000\" stroke-linecap=\"square\" x1=\"15\" y1=\"5.7\" x2=\"0.5\" y2=\"5.7\"\/><\/svg><\/button>\n\t\t\t<\/div>\n\t\t<\/div>\n\t<\/div>\n\n\n<div class=\"wp-block-kobu-custom-blocks-responsive-spacer responsive-spacer size-large\"><\/div>\n\n\n\n<div class=\"wp-block-cover alignfull is-light unforgettable-moments\"><img loading=\"lazy\" decoding=\"async\" width=\"1024\" height=\"703\" class=\"wp-block-cover__image-background wp-image-109 size-large\" alt=\"\" src=\"https:\/\/www.domitur.pt\/files\/uploads\/2026\/01\/unforgettable-moments-1024x703.webp\" data-object-fit=\"cover\" srcset=\"https:\/\/www.domitur.pt\/files\/uploads\/2026\/01\/unforgettable-moments-1024x703.webp 1024w, https:\/\/www.domitur.pt\/files\/uploads\/2026\/01\/unforgettable-moments-300x206.webp 300w, https:\/\/www.domitur.pt\/files\/uploads\/2026\/01\/unforgettable-moments-768x527.webp 768w, https:\/\/www.domitur.pt\/files\/uploads\/2026\/01\/unforgettable-moments-1536x1055.webp 1536w, https:\/\/www.domitur.pt\/files\/uploads\/2026\/01\/unforgettable-moments-2048x1406.webp 2048w\" sizes=\"auto, (max-width: 1024px) 100vw, 1024px\" \/><span aria-hidden=\"true\" class=\"wp-block-cover__background has-background-dim-0 has-background-dim\" style=\"background-color:#93887e\"><\/span><div class=\"wp-block-cover__inner-container is-layout-constrained wp-block-cover-is-layout-constrained\">\n<div class=\"wp-block-kobu-custom-blocks-responsive-spacer responsive-spacer size-large\"><\/div>\n\n\n\n<h2 class=\"wp-block-heading alignwide has-text-align-center unforgettable-moments-title has-background-color has-text-color has-link-color has-huge-font-size wp-elements-be8f831c2c80c7c360175a40597bae04\">Momentos Inesquec\u00edveis<\/h2>\n\n\n\n<div class=\"wp-block-kobu-custom-blocks-responsive-spacer responsive-spacer size-medium\"><\/div>\n\n\n<div class=\"container-wrapper alignfull testimonials-grid-block\">\n\t<div class=\"container xlarge\">\n\t\t<ul><li>\t\t\t\t\t<div class=\"testimonials-card\">\n\t\t\t\t\t\t<div class=\"testimonial-wrapper\">\n\t\t\t\t\t\t\t<h3>A minha esposa e eu particip\u00e1mos no Best Cycling Tour da Domitur no Algarve no in\u00edcio de Junho. Do in\u00edcio ao fim, foi uma experi\u00eancia maravilhosa em todos os aspetos \u2014 fomos acompanhados em cada momento pelos nossos excelentes guias, Fernando e Ana \u2014 e desfrut\u00e1mos do nosso fant\u00e1stico itiner\u00e1rio de costa a costa, da cozinha de topo e das acomoda\u00e7\u00f5es confort\u00e1veis e bem equipadas \u2026\u2026.. acima de todas as expectativas \u2026.. Classifica\u00e7\u00e3o m\u00e1xima!<\/h3>\n\t\t\t\t\t\t<\/div>\n\t\t\t\t\t\t<h4>David, Turista<\/h4>\n\t\t\t\t\t<\/div>\n\t\t\t\t\t<\/li>\n\t\t\t<li>\t\t\t\t\t<div class=\"testimonials-card\">\n\t\t\t\t\t\t<div class=\"testimonial-wrapper\">\n\t\t\t\t\t\t\t<h3>Queria apenas dar um ENORME obrigado por garantir que o anivers\u00e1rio do D. n\u00e3o foi apenas reconhecido, mas tamb\u00e9m celebrado. A hospitalidade foi verdadeiramente especial e a festa em honra do D., com bolo, can\u00e7\u00f5es e um vinho especial \u00abs\u00f3 para a fam\u00edlia e amigos\u00bb, significou muito n\u00e3o s\u00f3 para ele, mas para todos n\u00f3s. Obrigado. Obrigado!!<\/h3>\n\t\t\t\t\t\t<\/div>\n\t\t\t\t\t\t<h4>Lisa, Operador Tur\u00edstico<\/h4>\n\t\t\t\t\t<\/div>\n\t\t\t\t\t<\/li>\n\t\t\t<li>\t\t\t\t\t<div class=\"testimonials-card\">\n\t\t\t\t\t\t<div class=\"testimonial-wrapper\">\n\t\t\t\t\t\t\t<h3>Queridas Isabel e Cristina, um sincero agradecimento pela maravilhosa organiza\u00e7\u00e3o. A minha equipa est\u00e1 absolutamente encantada \u2014 todos foram incrivelmente simp\u00e1ticos, tudo foi fant\u00e1sticamente organizado, e estiveram rodeados de pessoas t\u00e3o am\u00e1veis e atenciosas.\n\nMuito obrigado por tudo.\n\nCom os melhores cumprimentos.<\/h3>\n\t\t\t\t\t\t<\/div>\n\t\t\t\t\t\t<h4>Tamara, Operador Tur\u00edstico<\/h4>\n\t\t\t\t\t<\/div>\n\t\t\t\t\t<\/li>\n\t\t\t<li>\t\t\t\t\t<div class=\"testimonials-card\">\n\t\t\t\t\t\t<div class=\"testimonial-wrapper\">\n\t\t\t\t\t\t\t<h3>Obrigado por todas as suas sugest\u00f5es e por organizar a entrega do carro. Not\u00e1mos que a Domitur foi respons\u00e1vel pelo tour \u201cLights of Lisbon\u201d e pelo Fado com jantar. Foi um dos pontos altos para n\u00f3s! Obrigado.<\/h3>\n\t\t\t\t\t\t<\/div>\n\t\t\t\t\t\t<h4>Cliente Final<\/h4>\n\t\t\t\t\t<\/div>\n\t\t\t\t\t<\/li>\n\t\t\t<\/ul>\t<\/div>\n<\/div>\n\n\n<div class=\"wp-block-kobu-custom-blocks-responsive-spacer responsive-spacer size-large\"><\/div>\n\n\n\n<h2 class=\"wp-block-heading alignwide has-text-align-center u-moments-title has-gray-color has-text-color has-link-color has-huge-font-size wp-elements-09fe1278b527ceeb3e97e46e924f14d7\">Pronto para explorar<\/h2>\n\n\n\n<h2 class=\"wp-block-heading alignwide has-text-align-center u-moments-title u-moments-title-2 has-gray-color has-text-color has-link-color has-huge-font-size wp-elements-683df6c78662f51e5a2ad9b8461dde0a\">Portugal?<\/h2>\n<\/div><\/div>\n\n\n\n<div class=\"wp-block-cover alignfull is-light destinations-map-section wp-elements-2533cddf8e7759e33f10085dcf7ecc2e\" style=\"min-height:100vh;aspect-ratio:unset;\"><img decoding=\"async\" class=\"wp-block-cover__image-background wp-image-35715 size-full\" alt=\"\" src=\"https:\/\/www.domitur.pt\/files\/uploads\/2026\/04\/destinations-map.svg\" data-object-fit=\"cover\"\/><span aria-hidden=\"true\" class=\"wp-block-cover__background has-background-dim-0 has-background-dim\"><\/span><div class=\"wp-block-cover__inner-container is-layout-constrained wp-block-cover-is-layout-constrained\">\n<h2 class=\"wp-block-heading alignwide has-text-align-center has-huge-font-size\">Destinos<\/h2>\n\n\n\n<div class=\"wp-block-group alignwide narrow-content is-layout-constrained wp-block-group-is-layout-constrained\">\n<p class=\"has-text-align-center\">Cada recanto de Portugal \u00e9 um lugar onde experi\u00eancias inesquec\u00edveis o esperam. Est\u00e1 pronto para um encontro inesquec\u00edvel?<\/p>\n\n\n\n<div class=\"wp-block-kobu-custom-blocks-responsive-spacer responsive-spacer size-custom\" data-small=\"30\" data-medium=\"30\" data-large=\"30\" style=\"height:30px\"><\/div>\n\n\n\n<div class=\"wp-block-buttons alignfull is-content-justification-center is-layout-flex wp-container-core-buttons-is-layout-16018d1d wp-block-buttons-is-layout-flex\">\n<div class=\"wp-block-button\"><a class=\"wp-block-button__link wp-element-button\" href=\"https:\/\/www.domitur.pt\/pt-pt\/destinos\/\">explorar mapa<\/a><\/div>\n<\/div>\n<\/div>\n<\/div><\/div>\n\n\n\n<div class=\"wp-block-kobu-custom-blocks-responsive-spacer responsive-spacer size-large\"><\/div>\n\n\n\n<h2 class=\"wp-block-heading alignwide has-text-align-center\">Parceiros<\/h2>\n\n\n\n<div class=\"wp-block-kobu-custom-blocks-responsive-spacer responsive-spacer size-medium\"><\/div>\n\n\n\n<div class=\"wp-block-kobu-custom-blocks-slider-gallery memberships-slider alignfull\"><div class=\"slider-gallery gallery-container hidden  multiple\"><div class=\"gallery \" role=\"list\"><div class=\"slide\" role=\"listitem\"><div class=\"figure-wrapper\"><figure><img loading=\"lazy\" decoding=\"async\" width=\"380\" height=\"268\" class=\"wp-image-198\" src=\"https:\/\/www.domitur.pt\/files\/uploads\/2026\/01\/atl-turismo-de-lisboa.webp\" alt=\"\" sizes=\"auto, (min-width: 601px) 80vw, 100vw\" srcset=\"https:\/\/www.domitur.pt\/files\/uploads\/2026\/01\/atl-turismo-de-lisboa.webp 380w, https:\/\/www.domitur.pt\/files\/uploads\/2026\/01\/atl-turismo-de-lisboa-300x212.webp 300w\" \/><\/figure><\/div><\/div><div class=\"slide\" role=\"listitem\"><div class=\"figure-wrapper\"><figure><img loading=\"lazy\" decoding=\"async\" width=\"380\" height=\"268\" class=\"wp-image-35684\" src=\"https:\/\/www.domitur.pt\/files\/uploads\/2026\/03\/turismo-de-cascais.webp\" alt=\"\" sizes=\"auto, (min-width: 601px) 80vw, 100vw\" srcset=\"https:\/\/www.domitur.pt\/files\/uploads\/2026\/03\/turismo-de-cascais.webp 380w, https:\/\/www.domitur.pt\/files\/uploads\/2026\/03\/turismo-de-cascais-300x212.webp 300w\" \/><\/figure><\/div><\/div><div class=\"slide\" role=\"listitem\"><div class=\"figure-wrapper\"><figure><img loading=\"lazy\" decoding=\"async\" width=\"380\" height=\"268\" class=\"wp-image-35686\" src=\"https:\/\/www.domitur.pt\/files\/uploads\/2026\/03\/visit-alentejo-portugal.webp\" alt=\"\" sizes=\"auto, (min-width: 601px) 80vw, 100vw\" srcset=\"https:\/\/www.domitur.pt\/files\/uploads\/2026\/03\/visit-alentejo-portugal.webp 380w, https:\/\/www.domitur.pt\/files\/uploads\/2026\/03\/visit-alentejo-portugal-300x212.webp 300w\" \/><\/figure><\/div><\/div><div class=\"slide\" role=\"listitem\"><div class=\"figure-wrapper\"><figure><img loading=\"lazy\" decoding=\"async\" width=\"380\" height=\"268\" class=\"wp-image-197\" src=\"https:\/\/www.domitur.pt\/files\/uploads\/2026\/01\/associacao-turismo-algarve-member.webp\" alt=\"\" sizes=\"auto, (min-width: 601px) 80vw, 100vw\" srcset=\"https:\/\/www.domitur.pt\/files\/uploads\/2026\/01\/associacao-turismo-algarve-member.webp 380w, https:\/\/www.domitur.pt\/files\/uploads\/2026\/01\/associacao-turismo-algarve-member-300x212.webp 300w\" \/><\/figure><\/div><\/div><div class=\"slide\" role=\"listitem\"><div class=\"figure-wrapper\"><figure><img loading=\"lazy\" decoding=\"async\" width=\"380\" height=\"268\" class=\"wp-image-196\" src=\"https:\/\/www.domitur.pt\/files\/uploads\/2026\/01\/APVAT.webp\" alt=\"\" sizes=\"auto, (min-width: 601px) 80vw, 100vw\" srcset=\"https:\/\/www.domitur.pt\/files\/uploads\/2026\/01\/APVAT.webp 380w, https:\/\/www.domitur.pt\/files\/uploads\/2026\/01\/APVAT-300x212.webp 300w\" \/><\/figure><\/div><\/div><div class=\"slide\" role=\"listitem\"><div class=\"figure-wrapper\"><figure><img loading=\"lazy\" decoding=\"async\" width=\"380\" height=\"268\" class=\"wp-image-202\" src=\"https:\/\/www.domitur.pt\/files\/uploads\/2026\/01\/XO-Private.webp\" alt=\"\" sizes=\"auto, (min-width: 601px) 80vw, 100vw\" srcset=\"https:\/\/www.domitur.pt\/files\/uploads\/2026\/01\/XO-Private.webp 380w, https:\/\/www.domitur.pt\/files\/uploads\/2026\/01\/XO-Private-300x212.webp 300w\" \/><\/figure><\/div><\/div><div class=\"slide\" role=\"listitem\"><div class=\"figure-wrapper\"><figure><img loading=\"lazy\" decoding=\"async\" width=\"380\" height=\"268\" class=\"wp-image-35685\" src=\"https:\/\/www.domitur.pt\/files\/uploads\/2026\/03\/travelife-partner.webp\" alt=\"\" sizes=\"auto, (min-width: 601px) 80vw, 100vw\" srcset=\"https:\/\/www.domitur.pt\/files\/uploads\/2026\/03\/travelife-partner.webp 380w, https:\/\/www.domitur.pt\/files\/uploads\/2026\/03\/travelife-partner-300x212.webp 300w\" \/><\/figure><\/div><\/div><div class=\"slide\" role=\"listitem\"><div class=\"figure-wrapper\"><figure><img loading=\"lazy\" decoding=\"async\" width=\"380\" height=\"268\" class=\"wp-image-200\" src=\"https:\/\/www.domitur.pt\/files\/uploads\/2026\/01\/IAGTO.webp\" alt=\"\" sizes=\"auto, (min-width: 601px) 80vw, 100vw\" srcset=\"https:\/\/www.domitur.pt\/files\/uploads\/2026\/01\/IAGTO.webp 380w, https:\/\/www.domitur.pt\/files\/uploads\/2026\/01\/IAGTO-300x212.webp 300w\" \/><\/figure><\/div><\/div><\/div><\/div><\/div><br>\n","protected":false},"excerpt":{"rendered":"<p>Parceiros<\/p>\n","protected":false},"author":1,"featured_media":158,"parent":0,"menu_order":0,"comment_status":"closed","ping_status":"closed","template":"templates\/homepage.php","meta":{"_acf_changed":false,"inline_featured_image":false,"footnotes":""},"class_list":["post-86","page","type-page","status-publish","has-post-thumbnail","hentry"],"acf":[],"_links":{"self":[{"href":"https:\/\/www.domitur.pt\/pt-pt\/wp-json\/wp\/v2\/pages\/86","targetHints":{"allow":["GET"]}}],"collection":[{"href":"https:\/\/www.domitur.pt\/pt-pt\/wp-json\/wp\/v2\/pages"}],"about":[{"href":"https:\/\/www.domitur.pt\/pt-pt\/wp-json\/wp\/v2\/types\/page"}],"author":[{"embeddable":true,"href":"https:\/\/www.domitur.pt\/pt-pt\/wp-json\/wp\/v2\/users\/1"}],"replies":[{"embeddable":true,"href":"https:\/\/www.domitur.pt\/pt-pt\/wp-json\/wp\/v2\/comments?post=86"}],"version-history":[{"count":12,"href":"https:\/\/www.domitur.pt\/pt-pt\/wp-json\/wp\/v2\/pages\/86\/revisions"}],"predecessor-version":[{"id":35802,"href":"https:\/\/www.domitur.pt\/pt-pt\/wp-json\/wp\/v2\/pages\/86\/revisions\/35802"}],"wp:featuredmedia":[{"embeddable":true,"href":"https:\/\/www.domitur.pt\/pt-pt\/wp-json\/wp\/v2\/media\/158"}],"wp:attachment":[{"href":"https:\/\/www.domitur.pt\/pt-pt\/wp-json\/wp\/v2\/media?parent=86"}],"curies":[{"name":"wp","href":"https:\/\/api.w.org\/{rel}","templated":true}]}}